{"id":4199,"date":"2022-09-06T11:20:46","date_gmt":"2022-09-06T14:20:46","guid":{"rendered":"https:\/\/ifdviedma-rng.infd.edu.ar\/sitio\/?page_id=4199"},"modified":"2025-09-23T17:41:34","modified_gmt":"2025-09-23T20:41:34","slug":"formacion-inicial","status":"publish","type":"page","link":"https:\/\/ifdviedma-rng.infd.edu.ar\/sitio\/formacion-inicial\/","title":{"rendered":"Formaci\u00f3n Inicial"},"content":{"rendered":"\n<p><\/p>\n\n\n\n<!-- IFDC \u2013 Formaci\u00f3n Inicial (HTML para WordPress) -->\n<style>\n  #ifdc-inicial{\n    --brand:#1076cd; --brand2:#1d9bf0; --accent:#e53935;\n    --ink:#0f172a; --muted:#667085; --bg:#f5f8fc; --card:#fff;\n    --ring:rgba(16,118,205,.14); --shadow:0 10px 24px rgba(4,32,66,.06);\n    --radius:16px; font-family:system-ui,-apple-system,Segoe UI,Roboto,Helvetica,Arial;\n    color:var(--ink); background:var(--bg)\n  }\n  #ifdc-inicial .wrap{max-width:1040px;margin:18px auto 32px;padding:0 14px}\n\n  .brand-bar{height:8px;border-radius:999px;margin-bottom:14px;\n    background:linear-gradient(90deg,var(--brand) 0%,var(--brand2) 35%,var(--accent) 100%);\n    box-shadow:0 6px 18px rgba(16,118,205,.16)\n  }\n\n  .hero{border-radius:20px;overflow:hidden;\n    background:linear-gradient(135deg, rgba(16,118,205,.95), rgba(13,95,165,.92) 55%, rgba(229,57,53,.92));\n    color:#fff; box-shadow:var(--shadow); margin-bottom:12px}\n  .hero-inner{padding:20px 18px}\n  .hero h2{margin:0 0 4px;font-size:clamp(1.2rem,2.2vw,1.7rem);font-weight:900}\n  .hero p{margin:0;opacity:.95;font-size:.98rem}\n\n  .card{background:var(--card);border:1px solid rgba(0,0,0,.06);\n    border-radius:var(--radius);box-shadow:var(--shadow);padding:14px 16px;margin-top:16px}\n  .card h3{margin:0 0 8px;color:#0d5fa5;font-size:1.12rem}\n  .kicker{display:inline-block;padding:3px 8px;border-radius:999px;\n    font-size:.78rem;font-weight:800;color:#0b2e55;background:rgba(16,118,205,.10);\n    box-shadow:inset 0 0 0 1px var(--ring);margin-bottom:6px}\n\n  .tbl{width:100%;border-collapse:collapse;overflow:hidden;border-radius:12px}\n  .tbl thead th{\n    background:#1076cd;color:#fff;text-align:left;font-weight:800;font-size:.94rem\n  }\n  .tbl th,.tbl td{border:1px solid #1076cd22;padding:10px 12px;vertical-align:top}\n  .tbl tbody tr:nth-child(even){background:#f7fbff}\n\n  @media (max-width:760px){\n    .tbl thead{display:none}\n    .tbl, .tbl tbody, .tbl tr, .tbl td{display:block;width:100%}\n    .tbl tr{background:#fff;margin:0 0 10px;border:1px solid #e6eef8;border-radius:12px;box-shadow:var(--shadow)}\n    .tbl td{border:none;border-bottom:1px solid #eef4fb;padding:10px 14px}\n    .tbl td:last-child{border-bottom:none}\n    .tbl td::before{content:attr(data-label) \" \";display:block;font-weight:800;color:#0d5fa5;margin-bottom:2px}\n  }\n\n  .btn{\n    display:inline-flex;align-items:center;gap:8px;padding:12px 18px;border-radius:999px;\n    background:#1076cd;color:#fff;text-decoration:none;font-weight:700;\n    box-shadow:0 4px 10px rgba(16,118,205,.25);transition:background .3s,transform .2s\n  }\n  .btn:hover{background:#0d5fa5;transform:translateY(-2px)}\n<\/style>\n\n<section id=\"ifdc-inicial\">\n  <div class=\"wrap\">\n    <div class=\"brand-bar\" aria-hidden=\"true\"><\/div>\n\n    <header class=\"hero\">\n      <div class=\"hero-inner\">\n        <h2>Formaci\u00f3n Inicial \u2013 IFDC Educaci\u00f3n F\u00edsica<\/h2>\n        <p>Acciones y estrategias institucionales para acompa\u00f1ar trayectorias, pr\u00e1ctica y v\u00ednculo con la comunidad.<\/p>\n      <\/div>\n    <\/header>\n\n    <article class=\"card\">\n      <span class=\"kicker\">Listado institucional<\/span>\n      <h3>Acciones y Estrategias de Formaci\u00f3n Inicial<\/h3>\n\n      <table class=\"tbl\">\n        <thead>\n          <tr>\n            <th>No.<\/th>\n            <th>Acci\u00f3n o Estrategia<\/th>\n            <th>Descripci\u00f3n<\/th>\n          <\/tr>\n        <\/thead>\n        <tbody>\n          <tr><td data-label=\"No.\">1<\/td><td data-label=\"Acci\u00f3n\">Proyecto de Gabinete de Orientaci\u00f3n Estudiantil<\/td><td data-label=\"Descripci\u00f3n\">Contenci\u00f3n y asesoramiento por docentes y profesionales psicopedag\u00f3gicos a estudiantes.<\/td><\/tr>\n          <tr><td>2<\/td><td>Continuidad Organizada de Alfabetizaci\u00f3n Motriz<\/td><td>Tutor\u00edas y clases de apoyo especializadas en alfabetizaci\u00f3n motriz.<\/td><\/tr>\n          <tr><td>3<\/td><td>Proyecto de Fortalecimiento Institucional<\/td><td>Proyecto territorial que vincula al ISFDEF, escuelas y organizaciones sociales y comunitarias.<\/td><\/tr>\n          <tr><td>4<\/td><td>Convenio Interinstitucional con APASA<\/td><td>Acompa\u00f1amiento de estudiantes avanzados coordinando actividades f\u00edsicas; articulaci\u00f3n con Pr\u00e1ctica Docente.<\/td><\/tr>\n          <tr><td>5<\/td><td>Convenio con Jard\u00edn Maternal Comunitario Comahuitos<\/td><td>Clases de Educaci\u00f3n F\u00edsica a cargo de estudiantes de 4\u00ba a\u00f1o con acompa\u00f1amiento de Pr\u00e1ctica Docente.<\/td><\/tr>\n          <tr><td>6<\/td><td>Convenio con Ministerio de Salud de la Provincia<\/td><td>Acciones enmarcadas en el Proyecto Nacional de Universidades e Instituciones Saludables.<\/td><\/tr>\n          <tr><td>7<\/td><td>Co-dise\u00f1o de Estrategias de Educaci\u00f3n Ambiental<\/td><td>Compromiso para abordar en la formaci\u00f3n las tem\u00e1ticas previstas por la ley.<\/td><\/tr>\n          <tr><td>8<\/td><td>1\u00aa Mesa Redonda Provincial de Educaci\u00f3n F\u00edsica<\/td><td>Intercambio de acciones, diagn\u00f3sticos y proyecci\u00f3n de pol\u00edticas educativas.<\/td><\/tr>\n          <tr><td>9<\/td><td>Jornada sobre Trata de Personas y DD. HH.<\/td><td>Organizada por la Defensor\u00eda del Pueblo del Municipio de Viedma.<\/td><\/tr>\n          <tr><td>10<\/td><td>Jornada sobre Participaci\u00f3n Estudiantil<\/td><td>A cargo de la Referente Jurisdiccional de Pol\u00edticas Estudiantiles, docente y estudiante.<\/td><\/tr>\n          <tr><td>11<\/td><td>Jornada Abierta \u201cG\u00e9nero y Deporte\u201d<\/td><td>Encuentro con docentes de la instituci\u00f3n y referentes invitados.<\/td><\/tr>\n          <tr><td>12<\/td><td>Pasant\u00edas con Municipios<\/td><td>Convenios interinstitucionales con Viedma y Carmen de Patagones.<\/td><\/tr>\n          <tr><td>13<\/td><td>\u201cTenis para Ciegos\u201d<\/td><td>Proyecto con el Municipio de Viedma. Participan profesores noveles y t\u00e9cnicos de la Tecnicatura.<\/td><\/tr>\n        <\/tbody>\n      <\/table>\n    <\/article>\n\n    <article class=\"card\">\n      <span class=\"kicker\">Recursos<\/span>\n      <h3>Materiales y normativas<\/h3>\n      <a class=\"btn\" href=\"https:\/\/ifdviedma-rng.infd.edu.ar\/sitio\/materiales-academicos-para-docentes\/\" target=\"_blank\" rel=\"noopener\">\n        &#x1f4c2; Acceder a materiales acad\u00e9micos\n      <\/a>\n    <\/article>\n  <\/div>\n<\/section>\n\n\n\n<!-- IFDC \u2013 Galer\u00eda de Im\u00e1genes (estilo unificado) -->\n<style>\n  #ifdc-galeria {\n    --blue:#0093dd; --red:#d9534f; --ring:#e7edf6; --card:#fff;\n    --shadow:0 10px 26px rgba(0,0,0,.08);\n    font-family: system-ui, -apple-system, Segoe UI, Roboto, Helvetica, Arial;\n    padding: 0 14px 28px; background: #f5f7fb;\n  }\n  #ifdc-galeria .wrap{max-width:1100px; margin: 0 auto}\n\n  \/* Barra identidad *\/\n  #ifdc-galeria .brand-bar{\n    height:10px; border-radius:999px; margin: 18px 0;\n    background:linear-gradient(90deg,var(--blue) 0%, #1aa7ec 25%, #ff6a4d 75%, var(--red) 100%);\n    box-shadow:0 6px 18px rgba(0,147,221,.25)\n  }\n\n  \/* Cabecera opcional *\/\n  #ifdc-galeria .head{\n    background: linear-gradient(180deg,#f0f7fc 0%, #fff 100%);\n    border:1px solid var(--ring); border-radius: 18px; padding: 16px 18px; box-shadow: var(--shadow);\n    margin-bottom: 12px;\n  }\n  #ifdc-galeria h2{\n    margin: 0; font-size: clamp(1.1rem, 3.6vw, 1.6rem); font-weight: 900;\n    background: linear-gradient(90deg, var(--blue), var(--red));\n    -webkit-background-clip: text; background-clip: text; color: transparent;\n  }\n  #ifdc-galeria .sub{ margin: 6px 0 0; color:#5b6678; font-size: .95rem; }\n\n  \/* Grilla *\/\n  #ifdc-galeria .grid{\n    --min: 240px;\n    display: grid; gap: 12px;\n    grid-template-columns: repeat(auto-fill, minmax(var(--min), 1fr));\n  }\n  @media (max-width:420px){ #ifdc-galeria .grid{ --min: 200px; } }\n  @media (max-width:360px){ #ifdc-galeria .grid{ --min: 180px; } }\n\n  \/* Tarjeta\/figura *\/\n  #ifdc-galeria figure{\n    margin:0; border-radius: 14px; overflow: clip; background: var(--card);\n    border:1px solid var(--ring); box-shadow: 0 6px 18px rgba(0,0,0,.06);\n    transition: transform .15s ease, box-shadow .2s ease;\n  }\n  #ifdc-galeria figure:hover{ transform: translateY(-2px); box-shadow: 0 10px 26px rgba(0,0,0,.1); }\n\n  \/* Imagen con ratio fijo para uniformidad *\/\n  #ifdc-galeria .img-wrap{\n    position: relative; aspect-ratio: 4\/3; \/* uniforme; cambi\u00e1 a 16\/9 si prefer\u00eds *\/\n    overflow: hidden; background: #e9eef6;\n  }\n  #ifdc-galeria img{\n    width:100%; height:100%; object-fit: cover; display:block;\n    transition: transform .4s ease;\n  }\n  #ifdc-galeria figure:hover img{ transform: scale(1.03); }\n\n  \/* Overlay sutil al hover *\/\n  #ifdc-galeria .img-wrap::after{\n    content:\"\"; position:absolute; inset:0; pointer-events:none;\n    background: linear-gradient(180deg, transparent 60%, rgba(0,0,0,.15));\n    opacity:0; transition: opacity .25s ease;\n  }\n  #ifdc-galeria figure:hover .img-wrap::after{ opacity:1; }\n\n  \/* Click a imagen completa en pesta\u00f1a nueva *\/\n  #ifdc-galeria a{ text-decoration:none; color:inherit; display:block }\n\n  \/* Caption opcional (oculto por defecto) *\/\n  #ifdc-galeria figcaption{ display:none; padding:10px 12px; font-size:.92rem; color:#334; }\n<\/style>\n\n<section id=\"ifdc-galeria\" aria-labelledby=\"galeria-title\">\n  <div class=\"wrap\">\n    <div class=\"brand-bar\" aria-hidden=\"true\"><\/div>\n\n    <header class=\"head\">\n      <h2 id=\"galeria-title\">Galer\u00eda<\/h2>\n      <p class=\"sub\">Im\u00e1genes unificadas en una grilla responsiva, con recorte proporcional y hover sutil.<\/p>\n    <\/header>\n\n    <div class=\"grid\">\n      <!-- Cada figura: link a la imagen original + contenedor con aspect-ratio -->\n      <figure>\n        <a href=\"https:\/\/ifdviedma-rng.infd.edu.ar\/sitio\/wp-content\/uploads\/2022\/09\/Imagen1.png\" target=\"_blank\" rel=\"noopener\">\n          <div class=\"img-wrap\">\n            <img decoding=\"async\" src=\"https:\/\/ifdviedma-rng.infd.edu.ar\/sitio\/wp-content\/uploads\/2022\/09\/Imagen1.png\" alt=\"Imagen 1\" loading=\"lazy\">\n          <\/div>\n        <\/a>\n      <\/figure>\n\n      <figure>\n        <a href=\"https:\/\/ifdviedma-rng.infd.edu.ar\/sitio\/wp-content\/uploads\/2022\/09\/Imagen5.png\" target=\"_blank\" rel=\"noopener\">\n          <div class=\"img-wrap\">\n            <img decoding=\"async\" src=\"https:\/\/ifdviedma-rng.infd.edu.ar\/sitio\/wp-content\/uploads\/2022\/09\/Imagen5.png\" alt=\"Imagen 5\" loading=\"lazy\">\n          <\/div>\n        <\/a>\n      <\/figure>\n\n      <figure>\n        <a href=\"https:\/\/ifdviedma-rng.infd.edu.ar\/sitio\/wp-content\/uploads\/2022\/09\/Imagen3.png\" target=\"_blank\" rel=\"noopener\">\n          <div class=\"img-wrap\">\n            <img decoding=\"async\" src=\"https:\/\/ifdviedma-rng.infd.edu.ar\/sitio\/wp-content\/uploads\/2022\/09\/Imagen3.png\" alt=\"Imagen 3\" loading=\"lazy\">\n          <\/div>\n        <\/a>\n      <\/figure>\n\n      <figure>\n        <a href=\"https:\/\/ifdviedma-rng.infd.edu.ar\/sitio\/wp-content\/uploads\/2022\/09\/Imagen4.png\" target=\"_blank\" rel=\"noopener\">\n          <div class=\"img-wrap\">\n            <img decoding=\"async\" src=\"https:\/\/ifdviedma-rng.infd.edu.ar\/sitio\/wp-content\/uploads\/2022\/09\/Imagen4.png\" alt=\"Imagen 4\" loading=\"lazy\">\n          <\/div>\n        <\/a>\n      <\/figure>\n\n      <figure>\n        <a href=\"https:\/\/ifdviedma-rng.infd.edu.ar\/sitio\/wp-content\/uploads\/2022\/09\/Imagen6.png\" target=\"_blank\" rel=\"noopener\">\n          <div class=\"img-wrap\">\n            <img decoding=\"async\" src=\"https:\/\/ifdviedma-rng.infd.edu.ar\/sitio\/wp-content\/uploads\/2022\/09\/Imagen6.png\" alt=\"Imagen 6\" loading=\"lazy\">\n          <\/div>\n        <\/a>\n      <\/figure>\n\n      <figure>\n        <a href=\"https:\/\/ifdviedma-rng.infd.edu.ar\/sitio\/wp-content\/uploads\/2022\/09\/Imagen7.jpg\" target=\"_blank\" rel=\"noopener\">\n        <div class=\"img-wrap\">\n            <img decoding=\"async\" src=\"https:\/\/ifdviedma-rng.infd.edu.ar\/sitio\/wp-content\/uploads\/2022\/09\/Imagen7.jpg\" alt=\"Imagen 7\" loading=\"lazy\">\n          <\/div>\n        <\/a>\n      <\/figure>\n\n      <figure>\n        <a href=\"https:\/\/ifdviedma-rng.infd.edu.ar\/sitio\/wp-content\/uploads\/2023\/09\/tenis-para-ciegos.jpg\" target=\"_blank\" rel=\"noopener\">\n          <div class=\"img-wrap\">\n            <img decoding=\"async\" src=\"https:\/\/ifdviedma-rng.infd.edu.ar\/sitio\/wp-content\/uploads\/2023\/09\/tenis-para-ciegos.jpg\" alt=\"Tenis para ciegos\" loading=\"lazy\">\n          <\/div>\n        <\/a>\n      <\/figure>\n    <\/div>\n  <\/div>\n<\/section>\n\n","protected":false},"excerpt":{"rendered":"<p>Formaci\u00f3n Inicial \u2013 IFDC Educaci\u00f3n F\u00edsica Acciones y estrategias institucionales para acompa\u00f1ar trayectorias, pr\u00e1ctica y v\u00ednculo con la comunidad. Listado institucional Acciones y Estrategias de Formaci\u00f3n Inicial No. Acci\u00f3n o Estrategia Descripci\u00f3n 1 Proyecto de Gabinete de Orientaci\u00f3n Estudiantil Contenci\u00f3n y asesoramiento por docentes y profesionales psicopedag\u00f3gicos a estudiantes. 2 Continuidad Organizada de Alfabetizaci\u00f3n Motriz &#8230; <a title=\"Formaci\u00f3n Inicial\" class=\"read-more\" href=\"https:\/\/ifdviedma-rng.infd.edu.ar\/sitio\/formacion-inicial\/\" aria-label=\"More on Formaci\u00f3n Inicial\">[+]<\/a><\/p>\n","protected":false},"author":194,"featured_media":0,"parent":0,"menu_order":0,"comment_status":"closed","ping_status":"closed","template":"","meta":[],"acf":[],"_links":{"self":[{"href":"https:\/\/ifdviedma-rng.infd.edu.ar\/sitio\/wp-json\/wp\/v2\/pages\/4199"}],"collection":[{"href":"https:\/\/ifdviedma-rng.infd.edu.ar\/sitio\/wp-json\/wp\/v2\/pages"}],"about":[{"href":"https:\/\/ifdviedma-rng.infd.edu.ar\/sitio\/wp-json\/wp\/v2\/types\/page"}],"author":[{"embeddable":true,"href":"https:\/\/ifdviedma-rng.infd.edu.ar\/sitio\/wp-json\/wp\/v2\/users\/194"}],"replies":[{"embeddable":true,"href":"https:\/\/ifdviedma-rng.infd.edu.ar\/sitio\/wp-json\/wp\/v2\/comments?post=4199"}],"version-history":[{"count":10,"href":"https:\/\/ifdviedma-rng.infd.edu.ar\/sitio\/wp-json\/wp\/v2\/pages\/4199\/revisions"}],"predecessor-version":[{"id":6076,"href":"https:\/\/ifdviedma-rng.infd.edu.ar\/sitio\/wp-json\/wp\/v2\/pages\/4199\/revisions\/6076"}],"wp:attachment":[{"href":"https:\/\/ifdviedma-rng.infd.edu.ar\/sitio\/wp-json\/wp\/v2\/media?parent=4199"}],"curies":[{"name":"wp","href":"https:\/\/api.w.org\/{rel}","templated":true}]}}